{"id":508,"date":"2016-08-24T11:37:17","date_gmt":"2016-08-24T09:37:17","guid":{"rendered":"http:\/\/codic-lleida.com\/es\/serveis\/"},"modified":"2016-09-27T20:09:43","modified_gmt":"2016-09-27T18:09:43","slug":"servicios","status":"publish","type":"page","link":"https:\/\/codic-lleida.com\/es\/servicios\/","title":{"rendered":"Servicios"},"content":{"rendered":"<p>[et_pb_section transparent_background=\u00bboff\u00bb background_color=\u00bb#ffffff\u00bb allow_player_pause=\u00bboff\u00bb inner_shadow=\u00bboff\u00bb parallax=\u00bboff\u00bb parallax_method=\u00bboff\u00bb padding_mobile=\u00bboff\u00bb make_fullwidth=\u00bboff\u00bb use_custom_width=\u00bboff\u00bb width_unit=\u00bbon\u00bb custom_width_px=\u00bb1080px\u00bb custom_width_percent=\u00bb80%\u00bb make_equal=\u00bboff\u00bb use_custom_gutter=\u00bboff\u00bb fullwidth=\u00bboff\u00bb specialty=\u00bboff\u00bb admin_label=\u00bbsection\u00bb module_class=\u00bbprimerasecciopag\u00bb disabled=\u00bboff\u00bb][et_pb_row make_fullwidth=\u00bboff\u00bb use_custom_width=\u00bboff\u00bb width_unit=\u00bboff\u00bb custom_width_px=\u00bb1080px\u00bb custom_width_percent=\u00bb80%\u00bb use_custom_gutter=\u00bboff\u00bb gutter_width=\u00bb2&#8243; padding_mobile=\u00bboff\u00bb allow_player_pause=\u00bboff\u00bb parallax=\u00bboff\u00bb parallax_method=\u00bbon\u00bb make_equal=\u00bboff\u00bb column_padding_mobile=\u00bbon\u00bb parallax_1=\u00bboff\u00bb parallax_method_1=\u00bbon\u00bb parallax_2=\u00bboff\u00bb parallax_method_2=\u00bbon\u00bb parallax_3=\u00bboff\u00bb parallax_method_3=\u00bbon\u00bb parallax_4=\u00bboff\u00bb parallax_method_4=\u00bbon\u00bb admin_label=\u00bbrow\u00bb disabled=\u00bboff\u00bb][et_pb_column type=\u00bb4_4&#8243; disabled=\u00bboff\u00bb parallax=\u00bboff\u00bb parallax_method=\u00bbon\u00bb column_padding_mobile=\u00bbon\u00bb][et_pb_text background_layout=\u00bblight\u00bb text_orientation=\u00bbcenter\u00bb admin_label=\u00bbserveis\u00bb module_class=\u00bbfont_bold mida26 colortaronja margebottom0&#8243; use_border_color=\u00bboff\u00bb border_style=\u00bbsolid\u00bb disabled=\u00bboff\u00bb]<\/p>\n<h1>Servicios<\/h1>\n<p>[\/et_pb_text][et_pb_text background_layout=\u00bblight\u00bb text_orientation=\u00bbleft\u00bb admin_label=\u00bbText\u00bb module_class=\u00bbfont_regular mida17 textcolumnacentral strongmargetitolapartatLista ulliLlistatServeis margetop35&#8243; use_border_color=\u00bboff\u00bb border_style=\u00bbsolid\u00bb disabled=\u00bboff\u00bb]<\/p>\n<ul>\n<li>Seguro de Responsabilidad Civil para proyectos visados.<\/li>\n<li>Asesoramiento jur\u00eddico, fiscal, laboral y administrativo.<\/li>\n<li>Asesor\u00eda t\u00e9cnica.<\/li>\n<li>Bolsa de trabajo.<\/li>\n<li>Visado de proyectos.<\/li>\n<li>Servicio de archivo de proyectos visados, documentos de contrato, finalizaci\u00f3n de obra, etc.<\/li>\n<li>Directorio web con un listado siempre actualizado de los profesionales disponibles.<\/li>\n<\/ul>\n<p><strong>Actividad<br \/><\/strong><\/p>\n<ul>\n<li>Formaci\u00f3n: cursos, reciclaje, jornadas t\u00e9cnicas y conferencias exclusivas para los colegiados y conjuntas con otros profesionales.<\/li>\n<li>Mesas redondas profesionales para ponerse al d\u00eda de la realidad de la profesi\u00f3n.<\/li>\n<li>Presentaci\u00f3n de productos y novedades del sector.<\/li>\n<li>Informaci\u00f3n continuada v\u00eda mailing de ferias, concursos, productos de inter\u00e9s, etc.<\/li>\n<li>Carn\u00e9 acreditativo de colegiaci\u00f3n con beneficios y descuentos en ferias, actos y servicios.<strong>Gesti\u00f3n y&nbsp;representaci\u00f3n<\/strong><\/li>\n<\/ul>\n<ul>\n<li>Interlocutor de la profesi\u00f3n ante organismos oficiales, intercolegiales, etc.<\/li>\n<li>Contacto continuado con las Escuelas de Dise\u00f1o del territorio.<\/li>\n<li>Defensa contra el intrusismo.<\/li>\n<\/ul>\n<p><strong>Convenios y&nbsp;colaboraciones<\/strong><\/p>\n<ul>\n<li>Descuentos exclusivos en empresas colaboradoras.<\/li>\n<li>Colaboraci\u00f3n y ventajas en empresas y\/ o instituciones como la COELL, Gremicat y el Banc Sabadell.<\/li>\n<\/ul>\n<p>[\/et_pb_text][\/et_pb_column][\/et_pb_row][\/et_pb_section][et_pb_section transparent_background=\u00bboff\u00bb allow_player_pause=\u00bboff\u00bb inner_shadow=\u00bboff\u00bb parallax=\u00bboff\u00bb parallax_method=\u00bbon\u00bb padding_mobile=\u00bboff\u00bb make_fullwidth=\u00bboff\u00bb use_custom_width=\u00bboff\u00bb width_unit=\u00bboff\u00bb custom_width_px=\u00bb1080px\u00bb custom_width_percent=\u00bb80%\u00bb make_equal=\u00bboff\u00bb use_custom_gutter=\u00bboff\u00bb fullwidth=\u00bboff\u00bb specialty=\u00bboff\u00bb admin_label=\u00bbSection\u00bb disabled=\u00bboff\u00bb][et_pb_row make_fullwidth=\u00bboff\u00bb use_custom_width=\u00bboff\u00bb width_unit=\u00bboff\u00bb custom_width_px=\u00bb1080px\u00bb custom_width_percent=\u00bb80%\u00bb use_custom_gutter=\u00bboff\u00bb gutter_width=\u00bb2&#8243; padding_mobile=\u00bboff\u00bb allow_player_pause=\u00bboff\u00bb parallax=\u00bboff\u00bb parallax_method=\u00bbon\u00bb make_equal=\u00bboff\u00bb column_padding_mobile=\u00bbon\u00bb parallax_1=\u00bboff\u00bb parallax_method_1=\u00bbon\u00bb parallax_2=\u00bboff\u00bb parallax_method_2=\u00bbon\u00bb parallax_3=\u00bboff\u00bb parallax_method_3=\u00bbon\u00bb parallax_4=\u00bboff\u00bb parallax_method_4=\u00bbon\u00bb admin_label=\u00bbRow\u00bb disabled=\u00bboff\u00bb][et_pb_column type=\u00bb4_4&#8243; disabled=\u00bboff\u00bb parallax=\u00bboff\u00bb parallax_method=\u00bbon\u00bb column_padding_mobile=\u00bbon\u00bb][\/et_pb_column][\/et_pb_row][\/et_pb_section]<\/p>\n","protected":false},"excerpt":{"rendered":"<p>Servicios Seguro de Responsabilidad Civil para proyectos visados.Asesoramiento jur\u00eddico, fiscal, laboral y administrativo.Asesor\u00eda t\u00e9cnica.Bolsa de trabajo.Visado de proyectos.Servicio de archivo de proyectos visados, documentos de contrato, finalizaci\u00f3n de obra, etc.Directorio web con un listado siempre actualizado de los profesionales disponibles. ActividadFormaci\u00f3n: cursos, reciclaje, jornadas t\u00e9cnicas y conferencias exclusivas para los colegiados y conjuntas con otros [&hellip;]<\/p>\n","protected":false},"author":1,"featured_media":0,"parent":0,"menu_order":0,"comment_status":"closed","ping_status":"closed","template":"","meta":{"_acf_changed":false,"_et_pb_use_builder":"on","_et_pb_old_content":"","_et_gb_content_width":"","footnotes":""},"class_list":["post-508","page","type-page","status-publish","hentry"],"acf":[],"yoast_head":"<!-- This site is optimized with the Yoast SEO plugin v27.5 - https:\/\/yoast.com\/product\/yoast-seo-wordpress\/ -->\n<title>Servicios - Col\u00b7legi de Dissenyadors d\u2019Interiors i Decoradors de Catalunya a Lleida<\/title>\n<meta name=\"description\" content=\"Seguro de Responsabilidad Civil para proyectos visados. Asesoramiento jur\u00eddico, fiscal, laboral y administrativo. Asesor\u00eda t\u00e9cnica. Bolsa de trabajo. Visado de proyectos. Servicio de archivo de proyectos visados, documentos de contrato, finalizaci\u00f3n de obra, etc. Directorio web con un listado siempre actualizado de los profesionales disponibles.\" \/>\n<meta name=\"robots\" content=\"index, follow, max-snippet:-1, max-image-preview:large, max-video-preview:-1\" \/>\n<link rel=\"canonical\" href=\"https:\/\/codic-lleida.com\/es\/servicios\/\" \/>\n<meta property=\"og:locale\" content=\"es_ES\" \/>\n<meta property=\"og:type\" content=\"article\" \/>\n<meta property=\"og:title\" content=\"Servicios - Col\u00b7legi de Dissenyadors d\u2019Interiors i Decoradors de Catalunya a Lleida\" \/>\n<meta property=\"og:description\" content=\"Seguro de Responsabilidad Civil para proyectos visados. Asesoramiento jur\u00eddico, fiscal, laboral y administrativo. Asesor\u00eda t\u00e9cnica. Bolsa de trabajo. Visado de proyectos. Servicio de archivo de proyectos visados, documentos de contrato, finalizaci\u00f3n de obra, etc. Directorio web con un listado siempre actualizado de los profesionales disponibles.\" \/>\n<meta property=\"og:url\" content=\"https:\/\/codic-lleida.com\/es\/servicios\/\" \/>\n<meta property=\"og:site_name\" content=\"Col\u00b7legi de Dissenyadors d\u2019Interiors i Decoradors de Catalunya a Lleida\" \/>\n<meta property=\"article:publisher\" content=\"https:\/\/www.facebook.com\/CODIC.Catalunya\" \/>\n<meta property=\"article:modified_time\" content=\"2016-09-27T18:09:43+00:00\" \/>\n<meta property=\"og:image\" content=\"https:\/\/codic-lleida.com\/media\/codic-lleida-pantalla.png\" \/>\n\t<meta property=\"og:image:width\" content=\"1372\" \/>\n\t<meta property=\"og:image:height\" content=\"954\" \/>\n\t<meta property=\"og:image:type\" content=\"image\/png\" \/>\n<meta name=\"twitter:card\" content=\"summary_large_image\" \/>\n<meta name=\"twitter:site\" content=\"@CODIC_catalunya\" \/>\n<meta name=\"twitter:label1\" content=\"Tiempo de lectura\" \/>\n\t<meta name=\"twitter:data1\" content=\"3 minutos\" \/>\n<script type=\"application\/ld+json\" class=\"yoast-schema-graph\">{\"@context\":\"https:\\\/\\\/schema.org\",\"@graph\":[{\"@type\":\"WebPage\",\"@id\":\"https:\\\/\\\/codic-lleida.com\\\/es\\\/servicios\\\/\",\"url\":\"https:\\\/\\\/codic-lleida.com\\\/es\\\/servicios\\\/\",\"name\":\"Servicios - Col\u00b7legi de Dissenyadors d\u2019Interiors i Decoradors de Catalunya a Lleida\",\"isPartOf\":{\"@id\":\"https:\\\/\\\/codic-lleida.com\\\/#website\"},\"datePublished\":\"2016-08-24T09:37:17+00:00\",\"dateModified\":\"2016-09-27T18:09:43+00:00\",\"description\":\"Seguro de Responsabilidad Civil para proyectos visados. Asesoramiento jur\u00eddico, fiscal, laboral y administrativo. Asesor\u00eda t\u00e9cnica. Bolsa de trabajo. Visado de proyectos. Servicio de archivo de proyectos visados, documentos de contrato, finalizaci\u00f3n de obra, etc. Directorio web con un listado siempre actualizado de los profesionales disponibles.\",\"breadcrumb\":{\"@id\":\"https:\\\/\\\/codic-lleida.com\\\/es\\\/servicios\\\/#breadcrumb\"},\"inLanguage\":\"es\",\"potentialAction\":[{\"@type\":\"ReadAction\",\"target\":[\"https:\\\/\\\/codic-lleida.com\\\/es\\\/servicios\\\/\"]}]},{\"@type\":\"BreadcrumbList\",\"@id\":\"https:\\\/\\\/codic-lleida.com\\\/es\\\/servicios\\\/#breadcrumb\",\"itemListElement\":[{\"@type\":\"ListItem\",\"position\":1,\"name\":\"Inici\",\"item\":\"https:\\\/\\\/codic-lleida.com\\\/es\\\/\"},{\"@type\":\"ListItem\",\"position\":2,\"name\":\"Servicios\"}]},{\"@type\":\"WebSite\",\"@id\":\"https:\\\/\\\/codic-lleida.com\\\/#website\",\"url\":\"https:\\\/\\\/codic-lleida.com\\\/\",\"name\":\"Col\u00b7legi de Dissenyadors d\u2019Interiors i Decoradors de Catalunya a Lleida\",\"description\":\"\",\"publisher\":{\"@id\":\"https:\\\/\\\/codic-lleida.com\\\/#organization\"},\"potentialAction\":[{\"@type\":\"SearchAction\",\"target\":{\"@type\":\"EntryPoint\",\"urlTemplate\":\"https:\\\/\\\/codic-lleida.com\\\/?s={search_term_string}\"},\"query-input\":{\"@type\":\"PropertyValueSpecification\",\"valueRequired\":true,\"valueName\":\"search_term_string\"}}],\"inLanguage\":\"es\"},{\"@type\":\"Organization\",\"@id\":\"https:\\\/\\\/codic-lleida.com\\\/#organization\",\"name\":\"Col\u00b7legi de Dissenyadors d\u2019Interiors i Decoradors de Catalunya a Lleida\",\"url\":\"https:\\\/\\\/codic-lleida.com\\\/\",\"logo\":{\"@type\":\"ImageObject\",\"inLanguage\":\"es\",\"@id\":\"https:\\\/\\\/codic-lleida.com\\\/#\\\/schema\\\/logo\\\/image\\\/\",\"url\":\"https:\\\/\\\/codic-lleida.com\\\/media\\\/CoDIC-logo-cap.png\",\"contentUrl\":\"https:\\\/\\\/codic-lleida.com\\\/media\\\/CoDIC-logo-cap.png\",\"width\":1804,\"height\":308,\"caption\":\"Col\u00b7legi de Dissenyadors d\u2019Interiors i Decoradors de Catalunya a Lleida\"},\"image\":{\"@id\":\"https:\\\/\\\/codic-lleida.com\\\/#\\\/schema\\\/logo\\\/image\\\/\"},\"sameAs\":[\"https:\\\/\\\/www.facebook.com\\\/CODIC.Catalunya\",\"https:\\\/\\\/x.com\\\/CODIC_catalunya\",\"https:\\\/\\\/www.instagram.com\\\/c_o_d_i_c\\\/\"]}]}<\/script>\n<!-- \/ Yoast SEO plugin. -->","yoast_head_json":{"title":"Servicios - Col\u00b7legi de Dissenyadors d\u2019Interiors i Decoradors de Catalunya a Lleida","description":"Seguro de Responsabilidad Civil para proyectos visados. Asesoramiento jur\u00eddico, fiscal, laboral y administrativo. Asesor\u00eda t\u00e9cnica. Bolsa de trabajo. Visado de proyectos. Servicio de archivo de proyectos visados, documentos de contrato, finalizaci\u00f3n de obra, etc. Directorio web con un listado siempre actualizado de los profesionales disponibles.","robots":{"index":"index","follow":"follow","max-snippet":"max-snippet:-1","max-image-preview":"max-image-preview:large","max-video-preview":"max-video-preview:-1"},"canonical":"https:\/\/codic-lleida.com\/es\/servicios\/","og_locale":"es_ES","og_type":"article","og_title":"Servicios - Col\u00b7legi de Dissenyadors d\u2019Interiors i Decoradors de Catalunya a Lleida","og_description":"Seguro de Responsabilidad Civil para proyectos visados. Asesoramiento jur\u00eddico, fiscal, laboral y administrativo. Asesor\u00eda t\u00e9cnica. Bolsa de trabajo. Visado de proyectos. Servicio de archivo de proyectos visados, documentos de contrato, finalizaci\u00f3n de obra, etc. Directorio web con un listado siempre actualizado de los profesionales disponibles.","og_url":"https:\/\/codic-lleida.com\/es\/servicios\/","og_site_name":"Col\u00b7legi de Dissenyadors d\u2019Interiors i Decoradors de Catalunya a Lleida","article_publisher":"https:\/\/www.facebook.com\/CODIC.Catalunya","article_modified_time":"2016-09-27T18:09:43+00:00","og_image":[{"width":1372,"height":954,"url":"https:\/\/codic-lleida.com\/media\/codic-lleida-pantalla.png","type":"image\/png"}],"twitter_card":"summary_large_image","twitter_site":"@CODIC_catalunya","twitter_misc":{"Tiempo de lectura":"3 minutos"},"schema":{"@context":"https:\/\/schema.org","@graph":[{"@type":"WebPage","@id":"https:\/\/codic-lleida.com\/es\/servicios\/","url":"https:\/\/codic-lleida.com\/es\/servicios\/","name":"Servicios - Col\u00b7legi de Dissenyadors d\u2019Interiors i Decoradors de Catalunya a Lleida","isPartOf":{"@id":"https:\/\/codic-lleida.com\/#website"},"datePublished":"2016-08-24T09:37:17+00:00","dateModified":"2016-09-27T18:09:43+00:00","description":"Seguro de Responsabilidad Civil para proyectos visados. Asesoramiento jur\u00eddico, fiscal, laboral y administrativo. Asesor\u00eda t\u00e9cnica. Bolsa de trabajo. Visado de proyectos. Servicio de archivo de proyectos visados, documentos de contrato, finalizaci\u00f3n de obra, etc. Directorio web con un listado siempre actualizado de los profesionales disponibles.","breadcrumb":{"@id":"https:\/\/codic-lleida.com\/es\/servicios\/#breadcrumb"},"inLanguage":"es","potentialAction":[{"@type":"ReadAction","target":["https:\/\/codic-lleida.com\/es\/servicios\/"]}]},{"@type":"BreadcrumbList","@id":"https:\/\/codic-lleida.com\/es\/servicios\/#breadcrumb","itemListElement":[{"@type":"ListItem","position":1,"name":"Inici","item":"https:\/\/codic-lleida.com\/es\/"},{"@type":"ListItem","position":2,"name":"Servicios"}]},{"@type":"WebSite","@id":"https:\/\/codic-lleida.com\/#website","url":"https:\/\/codic-lleida.com\/","name":"Col\u00b7legi de Dissenyadors d\u2019Interiors i Decoradors de Catalunya a Lleida","description":"","publisher":{"@id":"https:\/\/codic-lleida.com\/#organization"},"potentialAction":[{"@type":"SearchAction","target":{"@type":"EntryPoint","urlTemplate":"https:\/\/codic-lleida.com\/?s={search_term_string}"},"query-input":{"@type":"PropertyValueSpecification","valueRequired":true,"valueName":"search_term_string"}}],"inLanguage":"es"},{"@type":"Organization","@id":"https:\/\/codic-lleida.com\/#organization","name":"Col\u00b7legi de Dissenyadors d\u2019Interiors i Decoradors de Catalunya a Lleida","url":"https:\/\/codic-lleida.com\/","logo":{"@type":"ImageObject","inLanguage":"es","@id":"https:\/\/codic-lleida.com\/#\/schema\/logo\/image\/","url":"https:\/\/codic-lleida.com\/media\/CoDIC-logo-cap.png","contentUrl":"https:\/\/codic-lleida.com\/media\/CoDIC-logo-cap.png","width":1804,"height":308,"caption":"Col\u00b7legi de Dissenyadors d\u2019Interiors i Decoradors de Catalunya a Lleida"},"image":{"@id":"https:\/\/codic-lleida.com\/#\/schema\/logo\/image\/"},"sameAs":["https:\/\/www.facebook.com\/CODIC.Catalunya","https:\/\/x.com\/CODIC_catalunya","https:\/\/www.instagram.com\/c_o_d_i_c\/"]}]}},"_links":{"self":[{"href":"https:\/\/codic-lleida.com\/es\/wp-json\/wp\/v2\/pages\/508","targetHints":{"allow":["GET"]}}],"collection":[{"href":"https:\/\/codic-lleida.com\/es\/wp-json\/wp\/v2\/pages"}],"about":[{"href":"https:\/\/codic-lleida.com\/es\/wp-json\/wp\/v2\/types\/page"}],"author":[{"embeddable":true,"href":"https:\/\/codic-lleida.com\/es\/wp-json\/wp\/v2\/users\/1"}],"replies":[{"embeddable":true,"href":"https:\/\/codic-lleida.com\/es\/wp-json\/wp\/v2\/comments?post=508"}],"version-history":[{"count":2,"href":"https:\/\/codic-lleida.com\/es\/wp-json\/wp\/v2\/pages\/508\/revisions"}],"predecessor-version":[{"id":531,"href":"https:\/\/codic-lleida.com\/es\/wp-json\/wp\/v2\/pages\/508\/revisions\/531"}],"wp:attachment":[{"href":"https:\/\/codic-lleida.com\/es\/wp-json\/wp\/v2\/media?parent=508"}],"curies":[{"name":"wp","href":"https:\/\/api.w.org\/{rel}","templated":true}]}}