{"id":423,"date":"2016-08-26T19:32:16","date_gmt":"2016-08-26T17:32:16","guid":{"rendered":"http:\/\/codic-lleida.com\/es\/legalitat-i-politica-de-cookies\/"},"modified":"2016-09-28T12:22:19","modified_gmt":"2016-09-28T10:22:19","slug":"legalidad-y-politica-de-cookies","status":"publish","type":"page","link":"https:\/\/codic-lleida.com\/es\/legalidad-y-politica-de-cookies\/","title":{"rendered":"Legalidad y pol\u00edtica de cookies"},"content":{"rendered":"<p>[et_pb_section admin_label=\u00bbsection\u00bb transparent_background=\u00bboff\u00bb background_color=\u00bb#ffffff\u00bb allow_player_pause=\u00bboff\u00bb inner_shadow=\u00bboff\u00bb parallax=\u00bboff\u00bb parallax_method=\u00bboff\u00bb padding_mobile=\u00bboff\u00bb make_fullwidth=\u00bboff\u00bb use_custom_width=\u00bboff\u00bb width_unit=\u00bbon\u00bb make_equal=\u00bboff\u00bb use_custom_gutter=\u00bboff\u00bb module_class=\u00bbprimerasecciopag\u00bb][et_pb_row admin_label=\u00bbrow\u00bb][et_pb_column type=\u00bb4_4&#8243;][et_pb_text admin_label=\u00bblegalitat\u00bb background_layout=\u00bblight\u00bb text_orientation=\u00bbcenter\u00bb use_border_color=\u00bboff\u00bb border_color=\u00bb#ffffff\u00bb border_style=\u00bbsolid\u00bb module_class=\u00bbfont_bold mida26 colortaronja margebottom0 textcolumnacentral\u00bb]<\/p>\n<h1>Legalidad<\/h1>\n<p>[\/et_pb_text][et_pb_text admin_label=\u00bbText\u00bb background_layout=\u00bblight\u00bb text_orientation=\u00bbleft\u00bb use_border_color=\u00bboff\u00bb border_color=\u00bb#ffffff\u00bb border_style=\u00bbsolid\u00bb module_class=\u00bbfont_regular mida17 textcolumnacentral strongmargetitolapartat\u00bb]<\/p>\n<p>La p\u00e1gina web www.codic-lleida.com es titularidad del Col\u00b7legi de Dissenyadors d\u2019Interiors i Decoradors de Catalunya y cumple con los requisitos derivados de la Ley 34\/2002, de 11 de julio, de Servicios de la Sociedad de la Informaci\u00f3n y de Comercio Electr\u00f3nico, del Real Decreto-ley 13\/2012, de 30 de marzo, as\u00ed como de la obligaci\u00f3n de Informaci\u00f3n al usuario contemplada en la Ley Org\u00e1nica 15\/1999, de 13 de diciembre, de Protecci\u00f3n de Datos de Car\u00e1cter Personal.<\/p>\n<p>Raz\u00f3n Social: Col\u00b7legi de Dissenyadors d\u2019Interiors i Decoradors de Catalunya<br \/>\nDomicilio social: C. Brusi, 7 despatx n.16<br \/>\nLocalidad: 08006 Barcelona<br \/>\nN.I.F.\/C.I.F.: Q5856149I<br \/>\nTel\u00e9fono: +34 973 232 166<br \/>\nCorreo electr\u00f3nico: contacta@codic-lleida.com<br \/>\nPOL\u00cdTICA DE PRIVACIDAD<br \/>\nDe acuerdo con la normativa vigente en materia de protecci\u00f3n de datos as\u00ed como en materia de servicios de la sociedad de la informaci\u00f3n y de comercio electr\u00f3nico, el usuario acepta que los datos personales aportados en la web, o cualquier otro facilitado al Col\u00b7legi de Dissenyadors d\u2019Interiors i Decoradors de Catalunya para su acceso a algunos de los servicios sean incorporados a ficheros titularidad del Col\u00b7legi de Dissenyadors d\u2019Interiors i Decoradors de Catalunya, con la finalidad de facilitar la prestaci\u00f3n de los servicios solicitados, para la correcta identificaci\u00f3n de los usuarios que solicitan servicios personalizados en la Web, para la gesti\u00f3n de tareas b\u00e1sicas de administraci\u00f3n, as\u00ed como para mantenerle informado, bien por correo electr\u00f3nico bien por cualquier otro medio, de novedades, productos y servicios relacionados con Col\u00b7legi de Dissenyadors d\u2019Interiors i Decoradors de Catalunya. En el caso de comunicaciones comerciales a trav\u00e9s de correo electr\u00f3nico o medio equivalente, el usuario presta su consentimiento expreso para el env\u00edo de publicidad a trav\u00e9s de dicho medio.<\/p>\n<p>El Col\u00b7legi de Dissenyadors d\u2019Interiors i Decoradors de Catalunya se compromete al cumplimiento de su obligaci\u00f3n de secreto de los datos de car\u00e1cter personal y de su deber de tratarlos con confidencialidad, y asume, a estos efectos, las medidas de \u00edndole t\u00e9cnica, organizativa y de seguridad necesarias para evitar su alteraci\u00f3n, p\u00e9rdida, tratamiento o acceso no autorizado, de acuerdo con lo establecido en la Ley Org\u00e1nica 15\/1999 de 13 de diciembre, de Protecci\u00f3n de Datos de Car\u00e1cter Personal, y dem\u00e1s legislaci\u00f3n aplicable. El usuario responder\u00e1, en cualquier caso, de la veracidad de los datos facilitados, reserv\u00e1ndose el Col\u00b7legi de Dissenyadors d\u2019Interiors i Decoradors de Catalunya\u00a0 el derecho a excluir de los servicios registrados a todo usuario que haya facilitado datos falsos, sin perjuicio de las dem\u00e1s acciones que procedan en Derecho.Cualquier usuario puede en cualquier momento ejercitar sus derechos de acceso, rectificaci\u00f3n, cancelaci\u00f3n y oposici\u00f3n, mediante un escrito, acreditando su identidad, mediante fotocopia del DNI, y especificando el derecho a ejercitar.<br \/>\nLos usuarios aceptan expresamente y de forma libre e inequ\u00edvoca que sus datos personales sean tratados por parte de mevet.es para realizar las siguientes finalidades:<br \/>\n\u2013 Remisi\u00f3n de comunicaciones comerciales publicitarias por e-mail, fax, SMS, MMS, comunidades sociales o cualesquier otro medio electr\u00f3nico o f\u00edsico, presente o futuro, que posibilite realizar comunicaciones comerciales. Dichas comunicaciones comerciales ser\u00e1n relacionadas sobre productos o servicios ofrecidos por mevet.es, as\u00ed como por parte de los colaboradores con los que \u00e9ste hubiera alcanzado alg\u00fan acuerdo de promoci\u00f3n comercial entre sus clientes. En este caso, los terceros nunca tendr\u00e1n acceso a los datos personales. En todo caso las comunicaciones comerciales ser\u00e1n realizadas por parte del prestador y ser\u00e1n de productos y servicios relacionados con el sector del prestador.<br \/>\n\u2013 Realizar estudios estad\u00edsticos.<br \/>\n\u2013 Tramitar encargos, solicitudes o cualquier tipo de petici\u00f3n que sea realizada por el usuario a trav\u00e9s de cualquiera de las formas de contacto que se ponen a disposici\u00f3n del usuario en este sitio web.<br \/>\nEl Col\u00b7legi de Dissenyadors d\u2019Interiors i Decoradors de Catalunya informa y garantiza expresamente a los usuarios que nunca vender\u00e1, arrendar\u00e1, compartir\u00e1 o de alguna otra manera distribuir\u00e1 o pondr\u00e1 sus datos a disposici\u00f3n de terceras personas y que siempre que fuera a realizarse alg\u00fan tipo de cesi\u00f3n de datos personales, de forma previa, se solicitar\u00eda el consentimiento expreso, informado, e inequ\u00edvoco por parte de los titulares.<br \/>\nPROPIEDAD INTELECTUAL E INDUSTRIAL SOBRE LOS CONTENIDOS DE LA P\u00c1GINA<br \/>\nTodos los elementos que forman el sitio web, as\u00ed como la estructura, dise\u00f1o y c\u00f3digo fuente de la misma, son titularidad del autor citado y est\u00e1n protegidos por la normativa de propiedad intelectual e industrial. Las fotograf\u00eda alojadas en esta web corresponden en su total propiedad a los autores citados junto a ellas.No se podr\u00e1n realizar actos de reproducci\u00f3n, modificaci\u00f3n, distribuci\u00f3n o comunicaci\u00f3n p\u00fablica del sitio web o alguno de sus elementos sin el previo consentimiento de esta web.Los usuarios del sitio web \u00fanicamente podr\u00e1n realizar un uso privado y personal de los contenidos de \u00e9ste.Est\u00e1 absolutamente prohibido, el uso del sitio web o de alguno de sus elementos con fines comerciales o il\u00edcitos.Esta web no asumir\u00e1 ninguna responsabilidad derivada del uso por terceros del contenido del sitio web y podr\u00e1 ejercitar todas las acciones civiles o penales que le correspondan en caso de infracci\u00f3n de estos derechos por parte del usuario.<br \/>\nMODIFICACIONES<br \/>\nCon el fin de mejorar las prestaciones del sitio web, se reserva el derecho, en cualquier momento y sin previa notificaci\u00f3n al usuario, a modificar ampliar o suspender temporalmente la presentaci\u00f3n, configuraci\u00f3n, especificaciones t\u00e9cnicas y servicios del sitio web, de forma unilateral.Asimismo se reserva el derecho de modificar en cualquier momento las presentes condiciones de uso as\u00ed como cualesquiera otras condiciones particulares.<br \/>\nEXCLUSI\u00d3N DE RESPONSABILIDAD<br \/>\nEsta web no se responsabiliza de los eventuales errores tipogr\u00e1ficos, formales o num\u00e9ricos que pueda contener el sitio web, ni de la exactitud de la informaci\u00f3n contenida en \u00e9l, as\u00ed como tampoco lo hace de opiniones identificadas o an\u00f3nimas vertidas por personas y\/o entidades en este sitio web. En caso de alquiler, arrendamiento parcial y\/o total y venta de dicha web excluimos todo tipo de responsabilidad del contenido y veracidad en ella insertado, siendo la responsabilidad total y absoluta por parte del comprador\/arrendatario.<br \/>\nHIPERENLACES<br \/>\nPor los hiperenlaces contenidos en el sitio web que pueden dirigir a p\u00e1ginas web de terceros, no se asume ninguna responsabilidad por el contenido, informaciones o servicios que pudieran aparecer en dichos sitios, que tendr\u00e1n exclusivamente car\u00e1cter informativo y que en ning\u00fan caso implican relaci\u00f3n alguna entre esta web y a las personas o entidades titulares de tales contenidos o titulares de los sitios donde se encuentren.<\/p>\n<p>[\/et_pb_text][\/et_pb_column][\/et_pb_row][et_pb_row admin_label=\u00bbrow\u00bb][et_pb_column type=\u00bb4_4&#8243;][et_pb_text admin_label=\u00bbpolitica cookies\u00bb background_layout=\u00bblight\u00bb text_orientation=\u00bbcenter\u00bb use_border_color=\u00bboff\u00bb border_color=\u00bb#ffffff\u00bb border_style=\u00bbsolid\u00bb module_class=\u00bbfont_bold mida26 colortaronja margebottom0 textcolumnacentral\u00bb]<\/p>\n<h1>Pol\u00edtica de Cookies<\/h1>\n<p>[\/et_pb_text][et_pb_text admin_label=\u00bbText\u00bb background_layout=\u00bblight\u00bb text_orientation=\u00bbleft\u00bb use_border_color=\u00bboff\u00bb border_color=\u00bb#ffffff\u00bb border_style=\u00bbsolid\u00bb module_class=\u00bbfont_regular mida17 textcolumnacentral strongmargetitolapartat\u00bb]<\/p>\n<p class=\"p1\"><span class=\"s1\">Una <i>cookie<\/i> es un peque\u00f1o fichero de texto que se almacena en su navegador cuando visita casi cualquier p\u00e1gina web. Su utilidad es que la web sea capaz de recordar su visita cuando vuelva a navegar por esa p\u00e1gina. Las <i>cookies<\/i> suelen almacenar informaci\u00f3n de car\u00e1cter t\u00e9cnico, preferencias personales, personalizaci\u00f3n de contenidos, estad\u00edsticas de uso, enlaces a redes sociales, acceso a cuentas de usuario, etc. El objetivo de la <i>cookie<\/i> es adaptar el contenido de la web a su perfil y necesidades, sin <i>cookies<\/i> los servicios ofrecidos por cualquier p\u00e1gina se ver\u00edan mermados notablemente.<\/span><\/p>\n<p class=\"p3\"><span class=\"s1\">COOKIES UTILIZADAS EN ESTE SITIO WEB<br \/>\n<\/span><span class=\"s1\">Siguiendo las directrices de la Agencia Espa\u00f1ola de Protecci\u00f3n de Datos procedemos a detallar el uso de <i>cookies<\/i> que hace esta web con el fin de informarle con la m\u00e1xima exactitud posible.<\/span><\/p>\n<p class=\"p3\"><span class=\"s1\">Este sitio web utiliza las siguientes cookies propias:<\/span><\/p>\n<p class=\"p3\"><span class=\"s1\">Cookies de sesi\u00f3n, para garantizar que los usuarios que escriban comentarios en el blog sean humanos y no aplicaciones automatizadas. De esta forma se combate el <i>spam<\/i>.<\/span><\/p>\n<table class=\"t1\" cellspacing=\"0\" cellpadding=\"0\">\n<tbody>\n<tr>\n<td class=\"td1\" valign=\"middle\">\n<p class=\"p3\"><span class=\"s1\">Nombre de la cookie<\/span><\/p>\n<\/td>\n<td class=\"td2\" valign=\"middle\">\n<p class=\"p3\"><span class=\"s1\">Tipo de cookie<\/span><\/p>\n<\/td>\n<td class=\"td3\" valign=\"middle\">\n<p class=\"p3\"><span class=\"s1\">Prop\u00f3sito de la cookie<\/span><\/p>\n<\/td>\n<\/tr>\n<tr>\n<td class=\"td1\" valign=\"middle\">\n<p class=\"p3\"><span class=\"s1\">PHPSESSID<\/span><\/p>\n<\/td>\n<td class=\"td2\" valign=\"middle\">\n<p class=\"p3\"><span class=\"s1\">Sesi\u00f3n<\/span><\/p>\n<\/td>\n<td class=\"td3\" valign=\"middle\">\n<p class=\"p3\"><span class=\"s1\">Esta cookie es usado por el lenguaje de encriptado PHP para permitir que las variables de SESI\u00d3N sean guardadas en el servidor web. Esta cookies es esencial para el funcionamiento de la web.<\/span><\/p>\n<\/td>\n<\/tr>\n<tr>\n<td class=\"td1\" valign=\"middle\">\n<p class=\"p3\"><span class=\"s1\">_utma, _utmb,<\/span><\/p>\n<p class=\"p3\"><span class=\"s1\">_ubmc, _utmz<\/span><\/p>\n<\/td>\n<td class=\"td2\" valign=\"middle\">\n<p class=\"p3\"><span class=\"s1\">Duradera<\/span><\/p>\n<\/td>\n<td class=\"td3\" valign=\"middle\">\n<p class=\"p3\"><span class=\"s1\">Estas cookies son establecidas por Google Analytic para rastrear el uso de la web. Estas cookies no se establecen si desconectas cookies para esta web.<\/span><\/p>\n<\/td>\n<\/tr>\n<\/tbody>\n<\/table>\n<p class=\"p3\"><span class=\"s1\">\u00a0<\/span><\/p>\n<p class=\"p3\"><span class=\"s1\">Este sitio web utiliza las siguientes cookies de terceros:<br \/>\n<\/span>Google Analytics: Almacena <i>cookies<\/i> para poder elaborar estad\u00edsticas sobre el tr\u00e1fico y volumen de visitas de esta web. Al utilizar este sitio web est\u00e1 consintiendo el tratamiento de informaci\u00f3n acerca de usted por Google. Por tanto, el ejercicio de cualquier derecho en este sentido deber\u00e1 hacerlo comunicando directamente con Google.<\/p>\n<p class=\"p3\"><span class=\"s1\">Redes sociales: Cada red social utiliza sus propias <i>cookies<\/i> para que usted pueda pinchar en botones del tipo <i>Me gusta<\/i> o <i>Compartir<\/i>.<\/span><\/p>\n<ul class=\"ul1\">\n<li class=\"li3\"><span class=\"s1\">Twitter<\/span><\/li>\n<li class=\"li3\"><span class=\"s1\">Facebook<\/span><\/li>\n<\/ul>\n<p class=\"p3\"><span class=\"s1\">Desactivaci\u00f3n o eliminaci\u00f3n de cookies<\/span><\/p>\n<p class=\"p3\"><span class=\"s1\">En cualquier momento podr\u00e1 ejercer su derecho de desactivaci\u00f3n o eliminaci\u00f3n de cookies de este sitio web. Estas acciones se realizan de forma diferente en funci\u00f3n del navegador que est\u00e9 usando.<\/span><\/p>\n<p class=\"p3\"><span class=\"s1\">Notas adicionales<br \/>\n<\/span>Ni esta web ni sus representantes legales se hacen responsables ni del contenido ni de la veracidad de las pol\u00edticas de privacidad que puedan tener los terceros mencionados en esta pol\u00edtica de <i>cookies<\/i>.<\/p>\n<p class=\"p3\"><span class=\"s1\">Los navegadores web son las herramientas encargadas de almacenar las <i>cookies<\/i> y desde este lugar debe efectuar su derecho a eliminaci\u00f3n o desactivaci\u00f3n de las mismas. Ni esta web ni sus representantes legales pueden garantizar la correcta o incorrecta manipulaci\u00f3n de las <i>cookies<\/i> por parte de los mencionados navegadores.<\/span><\/p>\n<p class=\"p3\"><span class=\"s1\">En algunos casos es necesario instalar <i>cookies<\/i> para que el navegador no olvide su decisi\u00f3n de no aceptaci\u00f3n de las mismas.<\/span><\/p>\n<p class=\"p3\"><span class=\"s1\">En el caso de las <i>cookies<\/i> de Google Analytics, esta empresa almacena las <i>cookies<\/i> en servidores ubicados en Estados Unidos y se compromete a no compartirla con terceros, excepto en los casos en los que sea necesario para el funcionamiento del sistema o cuando la ley obligue a tal efecto. Seg\u00fan Google no guarda su direcci\u00f3n IP. Google Inc. es una compa\u00f1\u00eda adherida al Acuerdo de Puerto Seguro que garantiza que todos los datos transferidos ser\u00e1n tratados con un nivel de protecci\u00f3n acorde a la normativa europea. Puede consultar informaci\u00f3n detallada a este respecto <a href=\"http:\/\/safeharbor.export.gov\/companyinfo.aspx?id=16626\"><span class=\"s2\">en este enlace<\/span><\/a>. Si desea informaci\u00f3n sobre el uso que Google da a las cookies <a href=\"https:\/\/developers.google.com\/analytics\/devguides\/collection\/analyticsjs\/cookie-usage?hl=es&amp;csw=1\"><span class=\"s2\">le adjuntamos este otro enlace<\/span><\/a>.<\/span><\/p>\n<p class=\"p3\"><span class=\"s1\">Para cualquier duda o consulta acerca de esta pol\u00edtica de <i>cookies<\/i> no dude en comunicarse con nosotros a trav\u00e9s de la secci\u00f3n de contacto.<\/span><\/p>\n<p>[\/et_pb_text][\/et_pb_column][\/et_pb_row][\/et_pb_section][et_pb_section admin_label=\u00bbSection\u00bb fullwidth=\u00bboff\u00bb specialty=\u00bboff\u00bb][et_pb_row admin_label=\u00bbRow\u00bb][et_pb_column type=\u00bb4_4&#8243;][\/et_pb_column][\/et_pb_row][\/et_pb_section]<\/p>\n","protected":false},"excerpt":{"rendered":"<p>Legalidad La p\u00e1gina web www.codic-lleida.com es titularidad del Col\u00b7legi de Dissenyadors d\u2019Interiors i Decoradors de Catalunya y cumple con los requisitos derivados de la Ley 34\/2002, de 11 de julio, de Servicios de la Sociedad de la Informaci\u00f3n y de Comercio Electr\u00f3nico, del Real Decreto-ley 13\/2012, de 30 de marzo, as\u00ed como de la obligaci\u00f3n [&hellip;]<\/p>\n","protected":false},"author":1,"featured_media":0,"parent":0,"menu_order":0,"comment_status":"closed","ping_status":"closed","template":"","meta":{"_acf_changed":false,"_et_pb_use_builder":"on","_et_pb_old_content":"","_et_gb_content_width":"","footnotes":""},"class_list":["post-423","page","type-page","status-publish","hentry"],"acf":[],"yoast_head":"<!-- This site is optimized with the Yoast SEO plugin v27.4 - https:\/\/yoast.com\/product\/yoast-seo-wordpress\/ -->\n<title>Legalidad y pol\u00edtica de cookies - Col\u00b7legi de Dissenyadors d\u2019Interiors i Decoradors de Catalunya a Lleida<\/title>\n<meta name=\"robots\" content=\"noindex, nofollow\" \/>\n<meta property=\"og:locale\" content=\"es_ES\" \/>\n<meta property=\"og:type\" content=\"article\" \/>\n<meta property=\"og:title\" content=\"Legalidad y pol\u00edtica de cookies - Col\u00b7legi de Dissenyadors d\u2019Interiors i Decoradors de Catalunya a Lleida\" \/>\n<meta property=\"og:description\" content=\"Legalidad La p\u00e1gina web www.codic-lleida.com es titularidad del Col\u00b7legi de Dissenyadors d\u2019Interiors i Decoradors de Catalunya y cumple con los requisitos derivados de la Ley 34\/2002, de 11 de julio, de Servicios de la Sociedad de la Informaci\u00f3n y de Comercio Electr\u00f3nico, del Real Decreto-ley 13\/2012, de 30 de marzo, as\u00ed como de la obligaci\u00f3n [&hellip;]\" \/>\n<meta property=\"og:url\" content=\"https:\/\/codic-lleida.com\/es\/legalidad-y-politica-de-cookies\/\" \/>\n<meta property=\"og:site_name\" content=\"Col\u00b7legi de Dissenyadors d\u2019Interiors i Decoradors de Catalunya a Lleida\" \/>\n<meta property=\"article:publisher\" content=\"https:\/\/www.facebook.com\/CODIC.Catalunya\" \/>\n<meta property=\"article:modified_time\" content=\"2016-09-28T10:22:19+00:00\" \/>\n<meta property=\"og:image\" content=\"https:\/\/codic-lleida.com\/media\/codic-lleida-pantalla.png\" \/>\n\t<meta property=\"og:image:width\" content=\"1372\" \/>\n\t<meta property=\"og:image:height\" content=\"954\" \/>\n\t<meta property=\"og:image:type\" content=\"image\/png\" \/>\n<meta name=\"twitter:card\" content=\"summary_large_image\" \/>\n<meta name=\"twitter:site\" content=\"@CODIC_catalunya\" \/>\n<meta name=\"twitter:label1\" content=\"Tiempo de lectura\" \/>\n\t<meta name=\"twitter:data1\" content=\"10 minutos\" \/>\n<script type=\"application\/ld+json\" class=\"yoast-schema-graph\">{\"@context\":\"https:\\\/\\\/schema.org\",\"@graph\":[{\"@type\":\"WebPage\",\"@id\":\"https:\\\/\\\/codic-lleida.com\\\/es\\\/legalidad-y-politica-de-cookies\\\/\",\"url\":\"https:\\\/\\\/codic-lleida.com\\\/es\\\/legalidad-y-politica-de-cookies\\\/\",\"name\":\"Legalidad y pol\u00edtica de cookies - Col\u00b7legi de Dissenyadors d\u2019Interiors i Decoradors de Catalunya a Lleida\",\"isPartOf\":{\"@id\":\"https:\\\/\\\/codic-lleida.com\\\/#website\"},\"datePublished\":\"2016-08-26T17:32:16+00:00\",\"dateModified\":\"2016-09-28T10:22:19+00:00\",\"breadcrumb\":{\"@id\":\"https:\\\/\\\/codic-lleida.com\\\/es\\\/legalidad-y-politica-de-cookies\\\/#breadcrumb\"},\"inLanguage\":\"es\",\"potentialAction\":[{\"@type\":\"ReadAction\",\"target\":[\"https:\\\/\\\/codic-lleida.com\\\/es\\\/legalidad-y-politica-de-cookies\\\/\"]}]},{\"@type\":\"BreadcrumbList\",\"@id\":\"https:\\\/\\\/codic-lleida.com\\\/es\\\/legalidad-y-politica-de-cookies\\\/#breadcrumb\",\"itemListElement\":[{\"@type\":\"ListItem\",\"position\":1,\"name\":\"Inici\",\"item\":\"https:\\\/\\\/codic-lleida.com\\\/es\\\/\"},{\"@type\":\"ListItem\",\"position\":2,\"name\":\"Legalidad y pol\u00edtica de cookies\"}]},{\"@type\":\"WebSite\",\"@id\":\"https:\\\/\\\/codic-lleida.com\\\/#website\",\"url\":\"https:\\\/\\\/codic-lleida.com\\\/\",\"name\":\"Col\u00b7legi de Dissenyadors d\u2019Interiors i Decoradors de Catalunya a Lleida\",\"description\":\"\",\"publisher\":{\"@id\":\"https:\\\/\\\/codic-lleida.com\\\/#organization\"},\"potentialAction\":[{\"@type\":\"SearchAction\",\"target\":{\"@type\":\"EntryPoint\",\"urlTemplate\":\"https:\\\/\\\/codic-lleida.com\\\/?s={search_term_string}\"},\"query-input\":{\"@type\":\"PropertyValueSpecification\",\"valueRequired\":true,\"valueName\":\"search_term_string\"}}],\"inLanguage\":\"es\"},{\"@type\":\"Organization\",\"@id\":\"https:\\\/\\\/codic-lleida.com\\\/#organization\",\"name\":\"Col\u00b7legi de Dissenyadors d\u2019Interiors i Decoradors de Catalunya a Lleida\",\"url\":\"https:\\\/\\\/codic-lleida.com\\\/\",\"logo\":{\"@type\":\"ImageObject\",\"inLanguage\":\"es\",\"@id\":\"https:\\\/\\\/codic-lleida.com\\\/#\\\/schema\\\/logo\\\/image\\\/\",\"url\":\"https:\\\/\\\/codic-lleida.com\\\/media\\\/CoDIC-logo-cap.png\",\"contentUrl\":\"https:\\\/\\\/codic-lleida.com\\\/media\\\/CoDIC-logo-cap.png\",\"width\":1804,\"height\":308,\"caption\":\"Col\u00b7legi de Dissenyadors d\u2019Interiors i Decoradors de Catalunya a Lleida\"},\"image\":{\"@id\":\"https:\\\/\\\/codic-lleida.com\\\/#\\\/schema\\\/logo\\\/image\\\/\"},\"sameAs\":[\"https:\\\/\\\/www.facebook.com\\\/CODIC.Catalunya\",\"https:\\\/\\\/x.com\\\/CODIC_catalunya\",\"https:\\\/\\\/www.instagram.com\\\/c_o_d_i_c\\\/\"]}]}<\/script>\n<!-- \/ Yoast SEO plugin. -->","yoast_head_json":{"title":"Legalidad y pol\u00edtica de cookies - Col\u00b7legi de Dissenyadors d\u2019Interiors i Decoradors de Catalunya a Lleida","robots":{"index":"noindex","follow":"nofollow"},"og_locale":"es_ES","og_type":"article","og_title":"Legalidad y pol\u00edtica de cookies - Col\u00b7legi de Dissenyadors d\u2019Interiors i Decoradors de Catalunya a Lleida","og_description":"Legalidad La p\u00e1gina web www.codic-lleida.com es titularidad del Col\u00b7legi de Dissenyadors d\u2019Interiors i Decoradors de Catalunya y cumple con los requisitos derivados de la Ley 34\/2002, de 11 de julio, de Servicios de la Sociedad de la Informaci\u00f3n y de Comercio Electr\u00f3nico, del Real Decreto-ley 13\/2012, de 30 de marzo, as\u00ed como de la obligaci\u00f3n [&hellip;]","og_url":"https:\/\/codic-lleida.com\/es\/legalidad-y-politica-de-cookies\/","og_site_name":"Col\u00b7legi de Dissenyadors d\u2019Interiors i Decoradors de Catalunya a Lleida","article_publisher":"https:\/\/www.facebook.com\/CODIC.Catalunya","article_modified_time":"2016-09-28T10:22:19+00:00","og_image":[{"width":1372,"height":954,"url":"https:\/\/codic-lleida.com\/media\/codic-lleida-pantalla.png","type":"image\/png"}],"twitter_card":"summary_large_image","twitter_site":"@CODIC_catalunya","twitter_misc":{"Tiempo de lectura":"10 minutos"},"schema":{"@context":"https:\/\/schema.org","@graph":[{"@type":"WebPage","@id":"https:\/\/codic-lleida.com\/es\/legalidad-y-politica-de-cookies\/","url":"https:\/\/codic-lleida.com\/es\/legalidad-y-politica-de-cookies\/","name":"Legalidad y pol\u00edtica de cookies - Col\u00b7legi de Dissenyadors d\u2019Interiors i Decoradors de Catalunya a Lleida","isPartOf":{"@id":"https:\/\/codic-lleida.com\/#website"},"datePublished":"2016-08-26T17:32:16+00:00","dateModified":"2016-09-28T10:22:19+00:00","breadcrumb":{"@id":"https:\/\/codic-lleida.com\/es\/legalidad-y-politica-de-cookies\/#breadcrumb"},"inLanguage":"es","potentialAction":[{"@type":"ReadAction","target":["https:\/\/codic-lleida.com\/es\/legalidad-y-politica-de-cookies\/"]}]},{"@type":"BreadcrumbList","@id":"https:\/\/codic-lleida.com\/es\/legalidad-y-politica-de-cookies\/#breadcrumb","itemListElement":[{"@type":"ListItem","position":1,"name":"Inici","item":"https:\/\/codic-lleida.com\/es\/"},{"@type":"ListItem","position":2,"name":"Legalidad y pol\u00edtica de cookies"}]},{"@type":"WebSite","@id":"https:\/\/codic-lleida.com\/#website","url":"https:\/\/codic-lleida.com\/","name":"Col\u00b7legi de Dissenyadors d\u2019Interiors i Decoradors de Catalunya a Lleida","description":"","publisher":{"@id":"https:\/\/codic-lleida.com\/#organization"},"potentialAction":[{"@type":"SearchAction","target":{"@type":"EntryPoint","urlTemplate":"https:\/\/codic-lleida.com\/?s={search_term_string}"},"query-input":{"@type":"PropertyValueSpecification","valueRequired":true,"valueName":"search_term_string"}}],"inLanguage":"es"},{"@type":"Organization","@id":"https:\/\/codic-lleida.com\/#organization","name":"Col\u00b7legi de Dissenyadors d\u2019Interiors i Decoradors de Catalunya a Lleida","url":"https:\/\/codic-lleida.com\/","logo":{"@type":"ImageObject","inLanguage":"es","@id":"https:\/\/codic-lleida.com\/#\/schema\/logo\/image\/","url":"https:\/\/codic-lleida.com\/media\/CoDIC-logo-cap.png","contentUrl":"https:\/\/codic-lleida.com\/media\/CoDIC-logo-cap.png","width":1804,"height":308,"caption":"Col\u00b7legi de Dissenyadors d\u2019Interiors i Decoradors de Catalunya a Lleida"},"image":{"@id":"https:\/\/codic-lleida.com\/#\/schema\/logo\/image\/"},"sameAs":["https:\/\/www.facebook.com\/CODIC.Catalunya","https:\/\/x.com\/CODIC_catalunya","https:\/\/www.instagram.com\/c_o_d_i_c\/"]}]}},"_links":{"self":[{"href":"https:\/\/codic-lleida.com\/es\/wp-json\/wp\/v2\/pages\/423","targetHints":{"allow":["GET"]}}],"collection":[{"href":"https:\/\/codic-lleida.com\/es\/wp-json\/wp\/v2\/pages"}],"about":[{"href":"https:\/\/codic-lleida.com\/es\/wp-json\/wp\/v2\/types\/page"}],"author":[{"embeddable":true,"href":"https:\/\/codic-lleida.com\/es\/wp-json\/wp\/v2\/users\/1"}],"replies":[{"embeddable":true,"href":"https:\/\/codic-lleida.com\/es\/wp-json\/wp\/v2\/comments?post=423"}],"version-history":[{"count":4,"href":"https:\/\/codic-lleida.com\/es\/wp-json\/wp\/v2\/pages\/423\/revisions"}],"predecessor-version":[{"id":667,"href":"https:\/\/codic-lleida.com\/es\/wp-json\/wp\/v2\/pages\/423\/revisions\/667"}],"wp:attachment":[{"href":"https:\/\/codic-lleida.com\/es\/wp-json\/wp\/v2\/media?parent=423"}],"curies":[{"name":"wp","href":"https:\/\/api.w.org\/{rel}","templated":true}]}}